{"id":284,"date":"2023-07-27T13:10:37","date_gmt":"2023-07-27T11:10:37","guid":{"rendered":"https:\/\/amazonicogroup.com\/inicio\/"},"modified":"2024-05-11T08:14:42","modified_gmt":"2024-05-11T06:14:42","slug":"inicio","status":"publish","type":"page","link":"https:\/\/selvaticotarragona.com\/fr\/","title":{"rendered":"SELV\u00c1TICO wellness Nourriture et cocktails"},"content":{"rendered":"\n<div class=\"wp-block-cover is-light cabeceraHOME\" style=\"min-height:100vh;aspect-ratio:unset;\"><span aria-hidden=\"true\" class=\"wp-block-cover__background has-nv-text-dark-bg-background-color has-background-dim-0 has-background-dim\"><\/span><img decoding=\"async\" width=\"2560\" height=\"1463\" class=\"wp-block-cover__image-background wp-image-437 lazyload\" alt=\"\" data-src=\"https:\/\/amazonicogroup.com\/wp-content\/uploads\/2023\/08\/AdobeStock_581168208-scaled.jpeg\" data-object-fit=\"cover\" data-srcset=\"https:\/\/selvaticotarragona.com\/wp-content\/uploads\/2023\/08\/AdobeStock_581168208-scaled.jpeg 2560w, https:\/\/selvaticotarragona.com\/wp-content\/uploads\/2023\/08\/AdobeStock_581168208-scaled-600x343.jpeg 600w, https:\/\/selvaticotarragona.com\/wp-content\/uploads\/2023\/08\/AdobeStock_581168208-300x171.jpeg 300w, https:\/\/selvaticotarragona.com\/wp-content\/uploads\/2023\/08\/AdobeStock_581168208-1024x585.jpeg 1024w, https:\/\/selvaticotarragona.com\/wp-content\/uploads\/2023\/08\/AdobeStock_581168208-768x439.jpeg 768w, https:\/\/selvaticotarragona.com\/wp-content\/uploads\/2023\/08\/AdobeStock_581168208-1536x878.jpeg 1536w, https:\/\/selvaticotarragona.com\/wp-content\/uploads\/2023\/08\/AdobeStock_581168208-2048x1170.jpeg 2048w\" data-sizes=\"(max-width: 2560px) 100vw, 2560px\" src=\"data:image\/svg+xml;base64,PHN2ZyB3aWR0aD0iMSIgaGVpZ2h0PSIxIiB4bWxucz0iaHR0cDovL3d3dy53My5vcmcvMjAwMC9zdmciPjwvc3ZnPg==\" style=\"--smush-placeholder-width: 2560px; --smush-placeholder-aspect-ratio: 2560\/1463;\" \/><div class=\"wp-block-cover__inner-container is-layout-flow wp-block-cover-is-layout-flow\">\n<div class=\"wp-block-cover is-light colibri\" style=\"min-height:100vh;aspect-ratio:unset;\"><span aria-hidden=\"true\" class=\"wp-block-cover__background has-background-dim-0 has-background-dim\"><\/span><div class=\"wp-block-cover__inner-container is-layout-flow wp-block-cover-is-layout-flow\">\n<h2 class=\"wp-block-heading has-text-align-center has-neve-text-color-color has-text-color has-large-font-size\">NOURRIS TON C\u00d4T\u00c9 LE PLUS SAUVAGE<\/h2>\n\n\n\n<div class=\"wp-block-buttons is-content-justification-center is-layout-flex wp-container-core-buttons-is-layout-16018d1d wp-block-buttons-is-layout-flex\">\n<div class=\"wp-block-button\"><a class=\"wp-block-button__link wp-element-button\" href=\"\/?page_id=95\">LE MENU<\/a><\/div>\n\n\n\n<div class=\"wp-block-button\"><a class=\"wp-block-button__link wp-element-button\" href=\"https:\/\/selvaticotarragona.com\/reservas\/\">R\u00c9SERVEZ<\/a><\/div>\n<\/div>\n<\/div><\/div>\n<\/div><\/div>\n\n<div class=\"wp-block-cover\"><span aria-hidden=\"true\" class=\"wp-block-cover__background has-neve-link-color-background-color has-background-dim-100 has-background-dim\"><\/span><div class=\"wp-block-cover__inner-container is-layout-constrained wp-block-cover-is-layout-constrained\">\n<p class=\"has-text-align-center\" style=\"font-size:23px\"><strong><em>D\u00e9couvrez le bien-\u00eatre Selv\u00e1tico Nourriture et cocktails<\/em><\/strong><\/p>\n\n\n\n<p class=\"has-text-align-center has-medium-font-size\">Notre restaurant, situ\u00e9 au c\u0153ur du Port Deportivo de Tarragone, offre une exp\u00e9rience culinaire unique. Inspir\u00e9s par la richesse et la diversit\u00e9 de la for\u00eat amazonienne, les plats du restaurant <strong>\n  <em> Selv\u00e1tico wellness Food &amp; cocktails<\/em>\n<\/strong> sont un m\u00e9lange exquis de tradition et de techniques contemporaines. Laissez-vous emporter par une aventure de saveur qui \u00e9veille les sens.<\/p>\n<\/div><\/div>\n\n<div class=\"wp-block-cover is-light\"><span aria-hidden=\"true\" class=\"wp-block-cover__background has-background-dim-100 has-background-dim\" style=\"background-color:#e5e5e5\"><\/span><div class=\"wp-block-cover__inner-container is-layout-constrained wp-block-cover-is-layout-constrained\">\n<p class=\"has-text-align-left has-neve-link-color-color has-text-color has-link-color wp-elements-0261f98996408da6190aab5352606a83\" style=\"text-transform:uppercase\"><strong>Politique d&rsquo;affectation des tables :<\/strong><\/p>\n\n\n\n<p>Chez Selv\u00e1tico Wellness Food &amp; Cocktails, votre confort et votre satisfaction sont notre priorit\u00e9. Nous vous invitons \u00e0 faire votre r\u00e9servation sur notre site web, le moyen le plus rapide et le plus pratique de r\u00e9server votre table. Si vous avez des questions, nous nous ferons un plaisir de vous aider ; vous pouvez nous appeler au 689 038 001 \u00e0 partir de 12 heures.<\/p>\n\n\n\n<p>Nous accordons une grande importance \u00e0 la ponctualit\u00e9 afin de vous offrir le meilleur service possible. Veuillez noter que votre table sera r\u00e9serv\u00e9e pour une p\u00e9riode de 15 minutes \u00e0 partir de l&rsquo;heure convenue. Si vous pr\u00e9voyez des retards, veuillez nous en informer \u00e0 l&rsquo;avance afin que nous puissions conserver votre r\u00e9servation.<\/p>\n\n\n\n<p>De plus, nous avons le plaisir de vous offrir <strong>2 heures de parking gratuit<\/strong> afin que vous puissiez profiter de votre exp\u00e9rience \u00e0 Selv\u00e1tico Wellness Food &amp; Cocktails en toute tranquillit\u00e9.<\/p>\n\n\n<div class=\"wp-block-image\">\n<figure class=\"aligncenter size-full is-resized\"><img decoding=\"async\" width=\"1524\" height=\"663\" data-src=\"https:\/\/selvaticotarragona.com\/wp-content\/uploads\/2024\/01\/selvaticoNAME.webp\" alt=\"\" class=\"wp-image-755 lazyload\" style=\"--smush-placeholder-width: 1524px; --smush-placeholder-aspect-ratio: 1524\/663;width:228px;height:auto\" data-srcset=\"https:\/\/selvaticotarragona.com\/wp-content\/uploads\/2024\/01\/selvaticoNAME.webp 1524w, https:\/\/selvaticotarragona.com\/wp-content\/uploads\/2024\/01\/selvaticoNAME-300x131.webp 300w, https:\/\/selvaticotarragona.com\/wp-content\/uploads\/2024\/01\/selvaticoNAME-1024x445.webp 1024w, https:\/\/selvaticotarragona.com\/wp-content\/uploads\/2024\/01\/selvaticoNAME-768x334.webp 768w, https:\/\/selvaticotarragona.com\/wp-content\/uploads\/2024\/01\/selvaticoNAME-600x261.webp 600w\" data-sizes=\"(max-width: 1524px) 100vw, 1524px\" src=\"data:image\/svg+xml;base64,PHN2ZyB3aWR0aD0iMSIgaGVpZ2h0PSIxIiB4bWxucz0iaHR0cDovL3d3dy53My5vcmcvMjAwMC9zdmciPjwvc3ZnPg==\" \/><\/figure><\/div><\/div><\/div>\n\n<iframe data-src=\"https:\/\/selvatico.bookingtable.cat\/widget\" id=\"bookingtable\" name=\"bookingtable\" width=\"100%\" scrolling=\"yes\" frameborder=\"0\" style=\"width:100%\" src=\"data:image\/svg+xml;base64,PHN2ZyB3aWR0aD0iMSIgaGVpZ2h0PSIxIiB4bWxucz0iaHR0cDovL3d3dy53My5vcmcvMjAwMC9zdmciPjwvc3ZnPg==\" class=\"lazyload\" data-load-mode=\"1\"><\/iframe>\n<script src=\"https:\/\/selvatico.bookingtable.cat\/plugins\/iframe-resizer-master\/js\/iframeResizer.min.js\"><\/script><script>iFrameResize({log:false});<\/script>\n<figure class=\"wp-block-gallery has-nested-images columns-default is-cropped wp-block-gallery-1 is-layout-flex wp-block-gallery-is-layout-flex\">\n<figure class=\"wp-block-image size-large\"><img decoding=\"async\" width=\"1024\" height=\"1024\" data-id=\"119\" data-src=\"https:\/\/amazonicogroup.com\/wp-content\/uploads\/2023\/08\/WhatsApp-Image-2023-08-04-at-14.53.11-1024x1024.jpeg\" alt=\"\" class=\"wp-image-119 lazyload\" data-srcset=\"https:\/\/selvaticotarragona.com\/wp-content\/uploads\/2023\/08\/WhatsApp-Image-2023-08-04-at-14.53.11-1024x1024.jpeg 1024w, https:\/\/selvaticotarragona.com\/wp-content\/uploads\/2023\/08\/WhatsApp-Image-2023-08-04-at-14.53.11-300x300.jpeg 300w, https:\/\/selvaticotarragona.com\/wp-content\/uploads\/2023\/08\/WhatsApp-Image-2023-08-04-at-14.53.11-100x100.jpeg 100w, https:\/\/selvaticotarragona.com\/wp-content\/uploads\/2023\/08\/WhatsApp-Image-2023-08-04-at-14.53.11-600x600.jpeg 600w, https:\/\/selvaticotarragona.com\/wp-content\/uploads\/2023\/08\/WhatsApp-Image-2023-08-04-at-14.53.11-150x150.jpeg 150w, https:\/\/selvaticotarragona.com\/wp-content\/uploads\/2023\/08\/WhatsApp-Image-2023-08-04-at-14.53.11-768x768.jpeg 768w, https:\/\/selvaticotarragona.com\/wp-content\/uploads\/2023\/08\/WhatsApp-Image-2023-08-04-at-14.53.11-1536x1536.jpeg 1536w, https:\/\/selvaticotarragona.com\/wp-content\/uploads\/2023\/08\/WhatsApp-Image-2023-08-04-at-14.53.11.jpeg 2048w\" data-sizes=\"(max-width: 1024px) 100vw, 1024px\" src=\"data:image\/svg+xml;base64,PHN2ZyB3aWR0aD0iMSIgaGVpZ2h0PSIxIiB4bWxucz0iaHR0cDovL3d3dy53My5vcmcvMjAwMC9zdmciPjwvc3ZnPg==\" style=\"--smush-placeholder-width: 1024px; --smush-placeholder-aspect-ratio: 1024\/1024;\" \/><\/figure>\n\n\n<figure class=\"wp-block-image size-large\"><img decoding=\"async\" width=\"1024\" height=\"1024\" data-id=\"111\" data-src=\"https:\/\/amazonicogroup.com\/wp-content\/uploads\/2023\/08\/WhatsApp-Image-2023-08-04-at-16.39.15.jpeg\" alt=\"\" class=\"wp-image-111 lazyload\" data-srcset=\"https:\/\/selvaticotarragona.com\/wp-content\/uploads\/2023\/08\/WhatsApp-Image-2023-08-04-at-16.39.15.jpeg 1024w, https:\/\/selvaticotarragona.com\/wp-content\/uploads\/2023\/08\/WhatsApp-Image-2023-08-04-at-16.39.15-300x300.jpeg 300w, https:\/\/selvaticotarragona.com\/wp-content\/uploads\/2023\/08\/WhatsApp-Image-2023-08-04-at-16.39.15-100x100.jpeg 100w, https:\/\/selvaticotarragona.com\/wp-content\/uploads\/2023\/08\/WhatsApp-Image-2023-08-04-at-16.39.15-600x600.jpeg 600w, https:\/\/selvaticotarragona.com\/wp-content\/uploads\/2023\/08\/WhatsApp-Image-2023-08-04-at-16.39.15-150x150.jpeg 150w, https:\/\/selvaticotarragona.com\/wp-content\/uploads\/2023\/08\/WhatsApp-Image-2023-08-04-at-16.39.15-768x768.jpeg 768w\" data-sizes=\"(max-width: 1024px) 100vw, 1024px\" src=\"data:image\/svg+xml;base64,PHN2ZyB3aWR0aD0iMSIgaGVpZ2h0PSIxIiB4bWxucz0iaHR0cDovL3d3dy53My5vcmcvMjAwMC9zdmciPjwvc3ZnPg==\" style=\"--smush-placeholder-width: 1024px; --smush-placeholder-aspect-ratio: 1024\/1024;\" \/><\/figure>\n\n\n<figure class=\"wp-block-image size-large\"><img decoding=\"async\" width=\"1024\" height=\"1024\" data-id=\"120\" data-src=\"https:\/\/amazonicogroup.com\/wp-content\/uploads\/2023\/08\/WhatsApp-Image-2023-08-04-at-16.46.04-1024x1024.jpeg\" alt=\"\" class=\"wp-image-120 lazyload\" data-srcset=\"https:\/\/selvaticotarragona.com\/wp-content\/uploads\/2023\/08\/WhatsApp-Image-2023-08-04-at-16.46.04-1024x1024.jpeg 1024w, https:\/\/selvaticotarragona.com\/wp-content\/uploads\/2023\/08\/WhatsApp-Image-2023-08-04-at-16.46.04-300x300.jpeg 300w, https:\/\/selvaticotarragona.com\/wp-content\/uploads\/2023\/08\/WhatsApp-Image-2023-08-04-at-16.46.04-100x100.jpeg 100w, https:\/\/selvaticotarragona.com\/wp-content\/uploads\/2023\/08\/WhatsApp-Image-2023-08-04-at-16.46.04-600x600.jpeg 600w, https:\/\/selvaticotarragona.com\/wp-content\/uploads\/2023\/08\/WhatsApp-Image-2023-08-04-at-16.46.04-150x150.jpeg 150w, https:\/\/selvaticotarragona.com\/wp-content\/uploads\/2023\/08\/WhatsApp-Image-2023-08-04-at-16.46.04-768x768.jpeg 768w, https:\/\/selvaticotarragona.com\/wp-content\/uploads\/2023\/08\/WhatsApp-Image-2023-08-04-at-16.46.04-1536x1536.jpeg 1536w, https:\/\/selvaticotarragona.com\/wp-content\/uploads\/2023\/08\/WhatsApp-Image-2023-08-04-at-16.46.04.jpeg 2048w\" data-sizes=\"(max-width: 1024px) 100vw, 1024px\" src=\"data:image\/svg+xml;base64,PHN2ZyB3aWR0aD0iMSIgaGVpZ2h0PSIxIiB4bWxucz0iaHR0cDovL3d3dy53My5vcmcvMjAwMC9zdmciPjwvc3ZnPg==\" style=\"--smush-placeholder-width: 1024px; --smush-placeholder-aspect-ratio: 1024\/1024;\" \/><\/figure>\n\n\n<figure class=\"wp-block-image size-large\"><img decoding=\"async\" width=\"1023\" height=\"1022\" data-id=\"109\" data-src=\"https:\/\/amazonicogroup.com\/wp-content\/uploads\/2023\/08\/WhatsApp-Image-2023-08-04-at-16.41.13.jpeg\" alt=\"\" class=\"wp-image-109 lazyload\" data-srcset=\"https:\/\/selvaticotarragona.com\/wp-content\/uploads\/2023\/08\/WhatsApp-Image-2023-08-04-at-16.41.13.jpeg 1023w, https:\/\/selvaticotarragona.com\/wp-content\/uploads\/2023\/08\/WhatsApp-Image-2023-08-04-at-16.41.13-300x300.jpeg 300w, https:\/\/selvaticotarragona.com\/wp-content\/uploads\/2023\/08\/WhatsApp-Image-2023-08-04-at-16.41.13-100x100.jpeg 100w, https:\/\/selvaticotarragona.com\/wp-content\/uploads\/2023\/08\/WhatsApp-Image-2023-08-04-at-16.41.13-600x599.jpeg 600w, https:\/\/selvaticotarragona.com\/wp-content\/uploads\/2023\/08\/WhatsApp-Image-2023-08-04-at-16.41.13-150x150.jpeg 150w, https:\/\/selvaticotarragona.com\/wp-content\/uploads\/2023\/08\/WhatsApp-Image-2023-08-04-at-16.41.13-768x767.jpeg 768w\" data-sizes=\"(max-width: 1023px) 100vw, 1023px\" src=\"data:image\/svg+xml;base64,PHN2ZyB3aWR0aD0iMSIgaGVpZ2h0PSIxIiB4bWxucz0iaHR0cDovL3d3dy53My5vcmcvMjAwMC9zdmciPjwvc3ZnPg==\" style=\"--smush-placeholder-width: 1023px; --smush-placeholder-aspect-ratio: 1023\/1022;\" \/><\/figure>\n\n\n<figure class=\"wp-block-image size-large\"><img decoding=\"async\" width=\"1023\" height=\"1022\" data-id=\"115\" data-src=\"https:\/\/amazonicogroup.com\/wp-content\/uploads\/2023\/08\/WhatsApp-Image-2023-08-04-at-15.01.21.jpeg\" alt=\"\" class=\"wp-image-115 lazyload\" data-srcset=\"https:\/\/selvaticotarragona.com\/wp-content\/uploads\/2023\/08\/WhatsApp-Image-2023-08-04-at-15.01.21.jpeg 1023w, https:\/\/selvaticotarragona.com\/wp-content\/uploads\/2023\/08\/WhatsApp-Image-2023-08-04-at-15.01.21-300x300.jpeg 300w, https:\/\/selvaticotarragona.com\/wp-content\/uploads\/2023\/08\/WhatsApp-Image-2023-08-04-at-15.01.21-100x100.jpeg 100w, https:\/\/selvaticotarragona.com\/wp-content\/uploads\/2023\/08\/WhatsApp-Image-2023-08-04-at-15.01.21-600x599.jpeg 600w, https:\/\/selvaticotarragona.com\/wp-content\/uploads\/2023\/08\/WhatsApp-Image-2023-08-04-at-15.01.21-150x150.jpeg 150w, https:\/\/selvaticotarragona.com\/wp-content\/uploads\/2023\/08\/WhatsApp-Image-2023-08-04-at-15.01.21-768x767.jpeg 768w\" data-sizes=\"(max-width: 1023px) 100vw, 1023px\" src=\"data:image\/svg+xml;base64,PHN2ZyB3aWR0aD0iMSIgaGVpZ2h0PSIxIiB4bWxucz0iaHR0cDovL3d3dy53My5vcmcvMjAwMC9zdmciPjwvc3ZnPg==\" style=\"--smush-placeholder-width: 1023px; --smush-placeholder-aspect-ratio: 1023\/1022;\" \/><\/figure>\n\n\n<figure class=\"wp-block-image size-large\"><img decoding=\"async\" width=\"1024\" height=\"1024\" data-id=\"110\" data-src=\"https:\/\/amazonicogroup.com\/wp-content\/uploads\/2023\/08\/WhatsApp-Image-2023-08-04-at-16.39.26.jpeg\" alt=\"\" class=\"wp-image-110 lazyload\" data-srcset=\"https:\/\/selvaticotarragona.com\/wp-content\/uploads\/2023\/08\/WhatsApp-Image-2023-08-04-at-16.39.26.jpeg 1024w, https:\/\/selvaticotarragona.com\/wp-content\/uploads\/2023\/08\/WhatsApp-Image-2023-08-04-at-16.39.26-300x300.jpeg 300w, https:\/\/selvaticotarragona.com\/wp-content\/uploads\/2023\/08\/WhatsApp-Image-2023-08-04-at-16.39.26-100x100.jpeg 100w, https:\/\/selvaticotarragona.com\/wp-content\/uploads\/2023\/08\/WhatsApp-Image-2023-08-04-at-16.39.26-600x600.jpeg 600w, https:\/\/selvaticotarragona.com\/wp-content\/uploads\/2023\/08\/WhatsApp-Image-2023-08-04-at-16.39.26-150x150.jpeg 150w, https:\/\/selvaticotarragona.com\/wp-content\/uploads\/2023\/08\/WhatsApp-Image-2023-08-04-at-16.39.26-768x768.jpeg 768w\" data-sizes=\"(max-width: 1024px) 100vw, 1024px\" src=\"data:image\/svg+xml;base64,PHN2ZyB3aWR0aD0iMSIgaGVpZ2h0PSIxIiB4bWxucz0iaHR0cDovL3d3dy53My5vcmcvMjAwMC9zdmciPjwvc3ZnPg==\" style=\"--smush-placeholder-width: 1024px; --smush-placeholder-aspect-ratio: 1024\/1024;\" \/><\/figure>\n\n\n<figure class=\"wp-block-image size-large\"><img decoding=\"async\" width=\"1024\" height=\"1024\" data-id=\"114\" data-src=\"https:\/\/amazonicogroup.com\/wp-content\/uploads\/2023\/08\/WhatsApp-Image-2023-08-04-at-15.18.33-1024x1024.jpeg\" alt=\"\" class=\"wp-image-114 lazyload\" data-srcset=\"https:\/\/selvaticotarragona.com\/wp-content\/uploads\/2023\/08\/WhatsApp-Image-2023-08-04-at-15.18.33-1024x1024.jpeg 1024w, https:\/\/selvaticotarragona.com\/wp-content\/uploads\/2023\/08\/WhatsApp-Image-2023-08-04-at-15.18.33-300x300.jpeg 300w, https:\/\/selvaticotarragona.com\/wp-content\/uploads\/2023\/08\/WhatsApp-Image-2023-08-04-at-15.18.33-100x100.jpeg 100w, https:\/\/selvaticotarragona.com\/wp-content\/uploads\/2023\/08\/WhatsApp-Image-2023-08-04-at-15.18.33-600x600.jpeg 600w, https:\/\/selvaticotarragona.com\/wp-content\/uploads\/2023\/08\/WhatsApp-Image-2023-08-04-at-15.18.33-150x150.jpeg 150w, https:\/\/selvaticotarragona.com\/wp-content\/uploads\/2023\/08\/WhatsApp-Image-2023-08-04-at-15.18.33-768x768.jpeg 768w, https:\/\/selvaticotarragona.com\/wp-content\/uploads\/2023\/08\/WhatsApp-Image-2023-08-04-at-15.18.33-1536x1536.jpeg 1536w, https:\/\/selvaticotarragona.com\/wp-content\/uploads\/2023\/08\/WhatsApp-Image-2023-08-04-at-15.18.33.jpeg 1600w\" data-sizes=\"(max-width: 1024px) 100vw, 1024px\" src=\"data:image\/svg+xml;base64,PHN2ZyB3aWR0aD0iMSIgaGVpZ2h0PSIxIiB4bWxucz0iaHR0cDovL3d3dy53My5vcmcvMjAwMC9zdmciPjwvc3ZnPg==\" style=\"--smush-placeholder-width: 1024px; --smush-placeholder-aspect-ratio: 1024\/1024;\" \/><\/figure>\n\n\n<figure class=\"wp-block-image size-large\"><img decoding=\"async\" width=\"1024\" height=\"1024\" data-id=\"112\" data-src=\"https:\/\/amazonicogroup.com\/wp-content\/uploads\/2023\/08\/WhatsApp-Image-2023-08-04-at-15.40.05.jpeg\" alt=\"\" class=\"wp-image-112 lazyload\" data-srcset=\"https:\/\/selvaticotarragona.com\/wp-content\/uploads\/2023\/08\/WhatsApp-Image-2023-08-04-at-15.40.05.jpeg 1024w, https:\/\/selvaticotarragona.com\/wp-content\/uploads\/2023\/08\/WhatsApp-Image-2023-08-04-at-15.40.05-300x300.jpeg 300w, https:\/\/selvaticotarragona.com\/wp-content\/uploads\/2023\/08\/WhatsApp-Image-2023-08-04-at-15.40.05-100x100.jpeg 100w, https:\/\/selvaticotarragona.com\/wp-content\/uploads\/2023\/08\/WhatsApp-Image-2023-08-04-at-15.40.05-600x600.jpeg 600w, https:\/\/selvaticotarragona.com\/wp-content\/uploads\/2023\/08\/WhatsApp-Image-2023-08-04-at-15.40.05-150x150.jpeg 150w, https:\/\/selvaticotarragona.com\/wp-content\/uploads\/2023\/08\/WhatsApp-Image-2023-08-04-at-15.40.05-768x768.jpeg 768w\" data-sizes=\"(max-width: 1024px) 100vw, 1024px\" src=\"data:image\/svg+xml;base64,PHN2ZyB3aWR0aD0iMSIgaGVpZ2h0PSIxIiB4bWxucz0iaHR0cDovL3d3dy53My5vcmcvMjAwMC9zdmciPjwvc3ZnPg==\" style=\"--smush-placeholder-width: 1024px; --smush-placeholder-aspect-ratio: 1024\/1024;\" \/><\/figure>\n\n\n<figure class=\"wp-block-image size-large\"><img decoding=\"async\" width=\"1024\" height=\"1024\" data-id=\"108\" data-src=\"https:\/\/amazonicogroup.com\/wp-content\/uploads\/2023\/08\/WhatsApp-Image-2023-08-04-at-16.43.12.jpeg\" alt=\"\" class=\"wp-image-108 lazyload\" data-srcset=\"https:\/\/selvaticotarragona.com\/wp-content\/uploads\/2023\/08\/WhatsApp-Image-2023-08-04-at-16.43.12.jpeg 1024w, https:\/\/selvaticotarragona.com\/wp-content\/uploads\/2023\/08\/WhatsApp-Image-2023-08-04-at-16.43.12-300x300.jpeg 300w, https:\/\/selvaticotarragona.com\/wp-content\/uploads\/2023\/08\/WhatsApp-Image-2023-08-04-at-16.43.12-100x100.jpeg 100w, https:\/\/selvaticotarragona.com\/wp-content\/uploads\/2023\/08\/WhatsApp-Image-2023-08-04-at-16.43.12-600x600.jpeg 600w, https:\/\/selvaticotarragona.com\/wp-content\/uploads\/2023\/08\/WhatsApp-Image-2023-08-04-at-16.43.12-150x150.jpeg 150w, https:\/\/selvaticotarragona.com\/wp-content\/uploads\/2023\/08\/WhatsApp-Image-2023-08-04-at-16.43.12-768x768.jpeg 768w\" data-sizes=\"(max-width: 1024px) 100vw, 1024px\" src=\"data:image\/svg+xml;base64,PHN2ZyB3aWR0aD0iMSIgaGVpZ2h0PSIxIiB4bWxucz0iaHR0cDovL3d3dy53My5vcmcvMjAwMC9zdmciPjwvc3ZnPg==\" style=\"--smush-placeholder-width: 1024px; --smush-placeholder-aspect-ratio: 1024\/1024;\" \/><\/figure>\n\n\n<figure class=\"wp-block-image size-large\"><img decoding=\"async\" width=\"1024\" height=\"1024\" data-id=\"113\" data-src=\"https:\/\/amazonicogroup.com\/wp-content\/uploads\/2023\/08\/WhatsApp-Image-2023-08-04-at-15.38.54.jpeg\" alt=\"\" class=\"wp-image-113 lazyload\" data-srcset=\"https:\/\/selvaticotarragona.com\/wp-content\/uploads\/2023\/08\/WhatsApp-Image-2023-08-04-at-15.38.54.jpeg 1024w, https:\/\/selvaticotarragona.com\/wp-content\/uploads\/2023\/08\/WhatsApp-Image-2023-08-04-at-15.38.54-300x300.jpeg 300w, https:\/\/selvaticotarragona.com\/wp-content\/uploads\/2023\/08\/WhatsApp-Image-2023-08-04-at-15.38.54-100x100.jpeg 100w, https:\/\/selvaticotarragona.com\/wp-content\/uploads\/2023\/08\/WhatsApp-Image-2023-08-04-at-15.38.54-600x600.jpeg 600w, https:\/\/selvaticotarragona.com\/wp-content\/uploads\/2023\/08\/WhatsApp-Image-2023-08-04-at-15.38.54-150x150.jpeg 150w, https:\/\/selvaticotarragona.com\/wp-content\/uploads\/2023\/08\/WhatsApp-Image-2023-08-04-at-15.38.54-768x768.jpeg 768w\" data-sizes=\"(max-width: 1024px) 100vw, 1024px\" src=\"data:image\/svg+xml;base64,PHN2ZyB3aWR0aD0iMSIgaGVpZ2h0PSIxIiB4bWxucz0iaHR0cDovL3d3dy53My5vcmcvMjAwMC9zdmciPjwvc3ZnPg==\" style=\"--smush-placeholder-width: 1024px; --smush-placeholder-aspect-ratio: 1024\/1024;\" \/><\/figure>\n\n\n<figure class=\"wp-block-image size-large\"><img decoding=\"async\" width=\"1024\" height=\"1024\" data-id=\"116\" data-src=\"https:\/\/amazonicogroup.com\/wp-content\/uploads\/2023\/08\/WhatsApp-Image-2023-08-04-at-14.53.48-1024x1024.jpeg\" alt=\"\" class=\"wp-image-116 lazyload\" data-srcset=\"https:\/\/selvaticotarragona.com\/wp-content\/uploads\/2023\/08\/WhatsApp-Image-2023-08-04-at-14.53.48-1024x1024.jpeg 1024w, https:\/\/selvaticotarragona.com\/wp-content\/uploads\/2023\/08\/WhatsApp-Image-2023-08-04-at-14.53.48-300x300.jpeg 300w, https:\/\/selvaticotarragona.com\/wp-content\/uploads\/2023\/08\/WhatsApp-Image-2023-08-04-at-14.53.48-100x100.jpeg 100w, https:\/\/selvaticotarragona.com\/wp-content\/uploads\/2023\/08\/WhatsApp-Image-2023-08-04-at-14.53.48-600x600.jpeg 600w, https:\/\/selvaticotarragona.com\/wp-content\/uploads\/2023\/08\/WhatsApp-Image-2023-08-04-at-14.53.48-150x150.jpeg 150w, https:\/\/selvaticotarragona.com\/wp-content\/uploads\/2023\/08\/WhatsApp-Image-2023-08-04-at-14.53.48-768x768.jpeg 768w, https:\/\/selvaticotarragona.com\/wp-content\/uploads\/2023\/08\/WhatsApp-Image-2023-08-04-at-14.53.48-1536x1536.jpeg 1536w, https:\/\/selvaticotarragona.com\/wp-content\/uploads\/2023\/08\/WhatsApp-Image-2023-08-04-at-14.53.48.jpeg 1971w\" data-sizes=\"(max-width: 1024px) 100vw, 1024px\" src=\"data:image\/svg+xml;base64,PHN2ZyB3aWR0aD0iMSIgaGVpZ2h0PSIxIiB4bWxucz0iaHR0cDovL3d3dy53My5vcmcvMjAwMC9zdmciPjwvc3ZnPg==\" style=\"--smush-placeholder-width: 1024px; --smush-placeholder-aspect-ratio: 1024\/1024;\" \/><\/figure>\n\n\n<figure class=\"wp-block-image size-large\"><img decoding=\"async\" width=\"1024\" height=\"1024\" data-id=\"118\" data-src=\"https:\/\/amazonicogroup.com\/wp-content\/uploads\/2023\/08\/WhatsApp-Image-2023-08-04-at-14.53.18-1024x1024.jpeg\" alt=\"\" class=\"wp-image-118 lazyload\" data-srcset=\"https:\/\/selvaticotarragona.com\/wp-content\/uploads\/2023\/08\/WhatsApp-Image-2023-08-04-at-14.53.18-1024x1024.jpeg 1024w, https:\/\/selvaticotarragona.com\/wp-content\/uploads\/2023\/08\/WhatsApp-Image-2023-08-04-at-14.53.18-300x300.jpeg 300w, https:\/\/selvaticotarragona.com\/wp-content\/uploads\/2023\/08\/WhatsApp-Image-2023-08-04-at-14.53.18-100x100.jpeg 100w, https:\/\/selvaticotarragona.com\/wp-content\/uploads\/2023\/08\/WhatsApp-Image-2023-08-04-at-14.53.18-600x600.jpeg 600w, https:\/\/selvaticotarragona.com\/wp-content\/uploads\/2023\/08\/WhatsApp-Image-2023-08-04-at-14.53.18-150x150.jpeg 150w, https:\/\/selvaticotarragona.com\/wp-content\/uploads\/2023\/08\/WhatsApp-Image-2023-08-04-at-14.53.18-768x768.jpeg 768w, https:\/\/selvaticotarragona.com\/wp-content\/uploads\/2023\/08\/WhatsApp-Image-2023-08-04-at-14.53.18-1536x1536.jpeg 1536w, https:\/\/selvaticotarragona.com\/wp-content\/uploads\/2023\/08\/WhatsApp-Image-2023-08-04-at-14.53.18.jpeg 2048w\" data-sizes=\"(max-width: 1024px) 100vw, 1024px\" src=\"data:image\/svg+xml;base64,PHN2ZyB3aWR0aD0iMSIgaGVpZ2h0PSIxIiB4bWxucz0iaHR0cDovL3d3dy53My5vcmcvMjAwMC9zdmciPjwvc3ZnPg==\" style=\"--smush-placeholder-width: 1024px; --smush-placeholder-aspect-ratio: 1024\/1024;\" \/><\/figure><\/figure>\n\n<div class=\"wp-block-cover\"><span aria-hidden=\"true\" class=\"wp-block-cover__background has-neve-link-color-background-color has-background-dim-100 has-background-dim\"><\/span><div class=\"wp-block-cover__inner-container is-layout-constrained wp-block-cover-is-layout-constrained\">\n<p class=\"has-text-align-center\" style=\"font-size:23px\"><em><strong>Une Ambiance In\u00e9galable<\/strong><\/em><\/p>\n\n\n\n<p class=\"has-text-align-center has-medium-font-size\">\u00ab\u00a0Avec des vues panoramiques sur la mer et une d\u00e9coration \u00e9l\u00e9gante et sophistiqu\u00e9e, Amaz\u00f3nico est l&rsquo;endroit parfait pour les occasions sp\u00e9ciales. Profitez d&rsquo;un d\u00eener romantique sous les \u00e9toiles ou c\u00e9l\u00e9brez des moments m\u00e9morables avec des amis et la famille dans notre salle priv\u00e9e.<\/p>\n\n\n\n<div class=\"wp-block-buttons is-content-justification-center is-layout-flex wp-container-core-buttons-is-layout-16018d1d wp-block-buttons-is-layout-flex\">\n<div class=\"wp-block-button\"><a class=\"wp-block-button__link wp-element-button\" href=\"https:\/\/selvaticotarragona.com\/bodas-y-eventos\/\">C\u00c9L\u00c9BRER VOTRE MARIAGE OU VOTRE \u00c9V\u00c9NEMENT<\/a><\/div>\n\n\n\n<div class=\"wp-block-button\"><a class=\"wp-block-button__link wp-element-button\" href=\"https:\/\/selvaticotarragona.com\/reservas\/\">R\u00c9SERVEZ<\/a><\/div>\n<\/div>\n<\/div><\/div>\n\n<iframe data-src=\"https:\/\/www.google.com\/maps\/embed?pb=!1m14!1m8!1m3!1d12024.627198669708!2d1.2532788!3d41.1092665!3m2!1i1024!2i768!4f13.1!3m3!1m2!1s0x12a3e33d9edfc2a5%3A0xd0e7e1e1193599cd!2sAmaz%C3%B3nico!5e0!3m2!1ses!2ses!4v1691650278117!5m2!1ses!2ses\" width=\"100%\" height=\"450\" style=\"border:0;\" allowfullscreen=\"\" referrerpolicy=\"no-referrer-when-downgrade\" src=\"data:image\/svg+xml;base64,PHN2ZyB3aWR0aD0iMSIgaGVpZ2h0PSIxIiB4bWxucz0iaHR0cDovL3d3dy53My5vcmcvMjAwMC9zdmciPjwvc3ZnPg==\" class=\"lazyload\" data-load-mode=\"1\"><\/iframe>\n","protected":false},"excerpt":{"rendered":"","protected":false},"author":1,"featured_media":0,"parent":0,"menu_order":0,"comment_status":"closed","ping_status":"closed","template":"","meta":{"neve_meta_sidebar":"","neve_meta_container":"full-width","neve_meta_enable_content_width":"on","neve_meta_content_width":100,"neve_meta_title_alignment":"","neve_meta_author_avatar":"","neve_post_elements_order":"","neve_meta_disable_header":"","neve_meta_disable_footer":"","neve_meta_disable_title":"on","footnotes":""},"class_list":["post-284","page","type-page","status-publish","hentry"],"_links":{"self":[{"href":"https:\/\/selvaticotarragona.com\/fr\/wp-json\/wp\/v2\/pages\/284","targetHints":{"allow":["GET"]}}],"collection":[{"href":"https:\/\/selvaticotarragona.com\/fr\/wp-json\/wp\/v2\/pages"}],"about":[{"href":"https:\/\/selvaticotarragona.com\/fr\/wp-json\/wp\/v2\/types\/page"}],"author":[{"embeddable":true,"href":"https:\/\/selvaticotarragona.com\/fr\/wp-json\/wp\/v2\/users\/1"}],"replies":[{"embeddable":true,"href":"https:\/\/selvaticotarragona.com\/fr\/wp-json\/wp\/v2\/comments?post=284"}],"version-history":[{"count":2,"href":"https:\/\/selvaticotarragona.com\/fr\/wp-json\/wp\/v2\/pages\/284\/revisions"}],"predecessor-version":[{"id":951,"href":"https:\/\/selvaticotarragona.com\/fr\/wp-json\/wp\/v2\/pages\/284\/revisions\/951"}],"wp:attachment":[{"href":"https:\/\/selvaticotarragona.com\/fr\/wp-json\/wp\/v2\/media?parent=284"}],"curies":[{"name":"wp","href":"https:\/\/api.w.org\/{rel}","templated":true}]}}