{"id":13500,"date":"2023-11-17T08:10:45","date_gmt":"2023-11-17T07:10:45","guid":{"rendered":"https:\/\/selvaticotarragona.com\/menus\/"},"modified":"2026-04-13T15:47:16","modified_gmt":"2026-04-13T13:47:16","slug":"menus","status":"publish","type":"page","link":"https:\/\/selvaticotarragona.com\/fr\/menus\/","title":{"rendered":"MENUS"},"content":{"rendered":"\n<div class=\"wp-block-cover carta cocteles\"><span aria-hidden=\"true\" class=\"wp-block-cover__background has-nv-site-bg-background-color has-background-dim-100 has-background-dim\"><\/span><div class=\"wp-block-cover__inner-container is-layout-constrained wp-block-cover-is-layout-constrained\">\n<figure class=\"wp-block-image alignfull size-large\"><img decoding=\"async\" width=\"1024\" height=\"1024\" data-src=\"https:\/\/selvaticotarragona.com\/wp-content\/uploads\/2023\/11\/JAGUAR-1024x1024.png\" alt=\"JAGUAR\" class=\"wp-image-500 lazyload\" data-srcset=\"https:\/\/selvaticotarragona.com\/wp-content\/uploads\/2023\/11\/JAGUAR-1024x1024.png 1024w, https:\/\/selvaticotarragona.com\/wp-content\/uploads\/2023\/11\/JAGUAR-300x300.png 300w, https:\/\/selvaticotarragona.com\/wp-content\/uploads\/2023\/11\/JAGUAR-100x100.png 100w, https:\/\/selvaticotarragona.com\/wp-content\/uploads\/2023\/11\/JAGUAR-600x600.png 600w, https:\/\/selvaticotarragona.com\/wp-content\/uploads\/2023\/11\/JAGUAR-150x150.png 150w, https:\/\/selvaticotarragona.com\/wp-content\/uploads\/2023\/11\/JAGUAR-768x768.png 768w, https:\/\/selvaticotarragona.com\/wp-content\/uploads\/2023\/11\/JAGUAR-1536x1536.png 1536w, https:\/\/selvaticotarragona.com\/wp-content\/uploads\/2023\/11\/JAGUAR-2048x2048.png 2048w\" data-sizes=\"(max-width: 1024px) 100vw, 1024px\" src=\"data:image\/svg+xml;base64,PHN2ZyB3aWR0aD0iMSIgaGVpZ2h0PSIxIiB4bWxucz0iaHR0cDovL3d3dy53My5vcmcvMjAwMC9zdmciPjwvc3ZnPg==\" style=\"--smush-placeholder-width: 1024px; --smush-placeholder-aspect-ratio: 1024\/1024;\" \/><\/figure>\n\n\n\n<h2 class=\"wp-block-heading has-text-align-center has-nv-c-1-color has-text-color has-large-font-size\"><strong>MENU 50\u20ac.<\/strong><\/h2>\n\n\n\n<p class=\"has-text-align-center has-medium-font-size\"><strong>R\u00e9servez \u00e0 l&rsquo;avance<br\/><\/strong>Groupe minimum de 8 personnes<\/p>\n\n\n\n<h2 class=\"wp-block-heading has-text-align-center has-neve-link-color-color has-text-color has-large-font-size\">APERITIVES<\/h2>\n\n\n\n<p class=\"has-text-align-center\">Cr\u00e8me de c\u00e8pes<\/p>\n\n\n\n<p class=\"has-text-align-center\">Feuilletage invers\u00e9 au fromage frais et aux anchois du golfe de Gascogne<\/p>\n\n\n\n<h2 class=\"wp-block-heading has-text-align-center has-neve-link-color-color has-text-color has-large-font-size\">STARTERS \u00c0 PARTAGER<\/h2>\n\n\n\n<p class=\"has-text-align-center\">Salade Jungle Passion<\/p>\n\n\n\n<p class=\"has-text-align-center\">Patatas bravas \u00e0 la Selvatico<\/p>\n\n\n\n<p class=\"has-text-align-center\">Brioche aux petits calmars et mayonnaise au citron vert<\/p>\n\n\n\n<p class=\"has-text-align-center\">Croquette de cabillaud \u00e0 la mayonnaise truff\u00e9e<\/p>\n\n\n\n<h2 class=\"wp-block-heading has-text-align-center has-neve-link-color-color has-text-color has-large-font-size\">PRINCIPAL \u00c0 CHOISIR<\/h2>\n\n\n\n<p class=\"has-text-align-center\">Lingot de cochon de lait avec parmentier de pommes de terre et sauce espagnole avec r\u00e9duction de PX<\/p>\n\n\n\n<p class=\"has-text-align-center\">Agneau \u00e0 basse temp\u00e9rature avec parmentier de pommes de terre et sauce \u00e0 la cr\u00e8me de patate douce<\/p>\n\n\n\n<p class=\"has-text-align-center\">Cannelloni de joue XXL avec sauce b\u00e9chamel truff\u00e9e<\/p>\n\n\n\n<p class=\"has-text-align-center\">Tataki de thon rouge avec nid de l\u00e9gumes au wok, kimchi et mayonnaise au soja<\/p>\n\n\n\n<p class=\"has-text-align-center\">Bar r\u00f4ti avec nouilles de courgette et soupe cr\u00e9meuse de chou-fleur<\/p>\n\n\n\n<h2 class=\"wp-block-heading has-text-align-center has-neve-link-color-color has-text-color has-large-font-size\">PRINCIPAL \u00c0 CHOISIR<\/h2>\n\n\n\n<p class=\"has-text-align-center\">Tiramisu azot\u00e9<\/p>\n\n\n\n<p class=\"has-text-align-center\">Ananas brais\u00e9 avec glace \u00e0 la noix de coco<\/p>\n\n\n\n<p class=\"has-text-align-center\">G\u00e2teau au fromage au lotus<\/p>\n\n\n\n<h2 class=\"wp-block-heading has-text-align-center has-small-font-size\" style=\"text-transform:uppercase\">eau, bouteille de vin pour 2 personnes ou 2 bi\u00e8res ou 2 boissons non alcoolis\u00e9es<\/h2>\n\n\n\n<h2 class=\"wp-block-heading has-text-align-center has-small-font-size\" style=\"text-transform:uppercase\">2 heures de parking gratuit<\/h2>\n\n\n\n<figure class=\"wp-block-image alignfull size-large\"><img decoding=\"async\" width=\"1024\" height=\"585\" data-src=\"https:\/\/selvaticotarragona.com\/wp-content\/uploads\/2023\/08\/AdobeStock_581168208-1024x585.jpeg\" alt=\"\" class=\"wp-image-437 lazyload\" data-srcset=\"https:\/\/selvaticotarragona.com\/wp-content\/uploads\/2023\/08\/AdobeStock_581168208-1024x585.jpeg 1024w, https:\/\/selvaticotarragona.com\/wp-content\/uploads\/2023\/08\/AdobeStock_581168208-scaled-600x343.jpeg 600w, https:\/\/selvaticotarragona.com\/wp-content\/uploads\/2023\/08\/AdobeStock_581168208-300x171.jpeg 300w, https:\/\/selvaticotarragona.com\/wp-content\/uploads\/2023\/08\/AdobeStock_581168208-768x439.jpeg 768w, https:\/\/selvaticotarragona.com\/wp-content\/uploads\/2023\/08\/AdobeStock_581168208-1536x878.jpeg 1536w, https:\/\/selvaticotarragona.com\/wp-content\/uploads\/2023\/08\/AdobeStock_581168208-2048x1170.jpeg 2048w\" data-sizes=\"(max-width: 1024px) 100vw, 1024px\" src=\"data:image\/svg+xml;base64,PHN2ZyB3aWR0aD0iMSIgaGVpZ2h0PSIxIiB4bWxucz0iaHR0cDovL3d3dy53My5vcmcvMjAwMC9zdmciPjwvc3ZnPg==\" style=\"--smush-placeholder-width: 1024px; --smush-placeholder-aspect-ratio: 1024\/585;\" \/><\/figure>\n<\/div><\/div>\n\n<h2 class=\"wp-block-heading has-text-align-center has-nv-c-1-color has-text-color has-link-color has-large-font-size wp-elements-075889d8de7b05f6b4c4af4dc4a0fcb7\">MENU SELVATIQUE <strong>55\u20ac<\/strong> (Cocktail)<\/h2>\n\n<p class=\"has-text-align-center has-nv-c-1-color has-text-color has-link-color has-large-font-size wp-elements-4278689055afa1c10175bf9552cf5c9c\"><strong>Il comprend<\/strong><\/p>\n\n<p class=\"has-text-align-center\">2 boissons par personne<\/p>\n\n<p class=\"has-text-align-center\">2h de parking gratuit<\/p>\n\n<p class=\"has-text-align-center has-nv-c-1-color has-text-color has-link-color has-large-font-size wp-elements-1c79c4915a99c57728a73a9813fd35f5\"><strong>Plats :<\/strong><\/p>\n\n<p class=\"has-text-align-center\">Cr\u00e8me de c\u00e8pes<\/p>\n\n<p class=\"has-text-align-center\">Feuilletage invers\u00e9 au fromage frais et aux anchois du golfe de Gascogne<\/p>\n\n<p class=\"has-text-align-center\">Jambon ib\u00e9rique nourri \u00e0 100 % de glands<\/p>\n\n<p class=\"has-text-align-center\">Mini salade de la passion<\/p>\n\n<p class=\"has-text-align-center\">Bonbon de foie gras aux fruits rouges<\/p>\n\n<p class=\"has-text-align-center\">Brochette de yakitori \u00e0 la sauce teriyaki<\/p>\n\n<p class=\"has-text-align-center\">Raviolis croustillants de queue de b\u0153uf avec mayonnaise \u00e0 la mangue<\/p>\n\n<p class=\"has-text-align-center\">Croquettes de jambon ib\u00e9rique<\/p>\n\n<p class=\"has-text-align-center\">Patatas bravas \u00e0 la Selvatico<\/p>\n\n<p class=\"has-text-align-center\">D\u00e9gustation de fideu\u00e1 avec alioli (mayonnaise \u00e0 l&rsquo;ail)<\/p>\n\n<figure class=\"wp-block-image alignfull size-large\"><img decoding=\"async\" width=\"1024\" height=\"1024\" data-src=\"https:\/\/selvaticotarragona.com\/wp-content\/uploads\/2024\/05\/AdobeStock_613236521-1-1-1024x1024.jpeg\" alt=\"\" class=\"wp-image-6481 lazyload\" data-srcset=\"https:\/\/selvaticotarragona.com\/wp-content\/uploads\/2024\/05\/AdobeStock_613236521-1-1-1024x1024.jpeg 1024w, https:\/\/selvaticotarragona.com\/wp-content\/uploads\/2024\/05\/AdobeStock_613236521-1-1-300x300.jpeg 300w, https:\/\/selvaticotarragona.com\/wp-content\/uploads\/2024\/05\/AdobeStock_613236521-1-1-150x150.jpeg 150w, https:\/\/selvaticotarragona.com\/wp-content\/uploads\/2024\/05\/AdobeStock_613236521-1-1-768x768.jpeg 768w, https:\/\/selvaticotarragona.com\/wp-content\/uploads\/2024\/05\/AdobeStock_613236521-1-1-600x600.jpeg 600w, https:\/\/selvaticotarragona.com\/wp-content\/uploads\/2024\/05\/AdobeStock_613236521-1-1-100x100.jpeg 100w, https:\/\/selvaticotarragona.com\/wp-content\/uploads\/2024\/05\/AdobeStock_613236521-1-1.jpeg 1200w\" data-sizes=\"(max-width: 1024px) 100vw, 1024px\" src=\"data:image\/svg+xml;base64,PHN2ZyB3aWR0aD0iMSIgaGVpZ2h0PSIxIiB4bWxucz0iaHR0cDovL3d3dy53My5vcmcvMjAwMC9zdmciPjwvc3ZnPg==\" style=\"--smush-placeholder-width: 1024px; --smush-placeholder-aspect-ratio: 1024\/1024;\" \/><\/figure>\n\n<h1 class=\"wp-block-heading has-text-align-center has-neve-link-color-color has-text-color has-link-color wp-elements-9c59e66db6c002d20c905ef467bdeb03\"><strong>MENU v\u00e9g\u00e9talien \/ v\u00e9g\u00e9tarien \/ sans gluten<\/strong> <strong>50\u20ac<\/strong><\/h1>\n\n<p class=\"has-text-align-center has-neve-link-color-color has-text-color has-link-color wp-elements-667d41d6d3eb4e2a60f05cfe309bcb25\">PREMIER A PARTAGER<\/p>\n\n<p class=\"has-text-align-center\">Artichauts grill\u00e9s \u00e0 la fleur de sel et \u00e0 l&rsquo;AOVE (huile d&rsquo;olive)<\/p>\n\n<p class=\"has-text-align-center\">Patatas bravas amazonicas avec deux sauces .<\/p>\n\n<p class=\"has-text-align-center\">Salade de la passion avec avocat, mangue et tomate.<\/p>\n\n<p class=\"has-text-align-center has-neve-link-color-color has-text-color has-link-color wp-elements-422e6d2b6b946d5cdb4b69d113b486be\">PRINCIPAL \u00c0 CHOISIR<\/p>\n\n<p class=\"has-text-align-center\">Timbale d&rsquo;aubergine parmigiana gratin\u00e9e \u00e0 la mozzarella, au basilic et \u00e0 la tomate.<\/p>\n\n<p class=\"has-text-align-center\">Riz arc-en-ciel aux l\u00e9gumes<\/p>\n\n<p class=\"has-text-align-center has-neve-link-color-color has-text-color has-link-color wp-elements-92b5d4c4ce234b61613a552b4dc38bf5\">DESSERT  <\/p>\n\n<p class=\"has-text-align-center\">Ananas amazonien grill\u00e9 avec sorbet \u00e0 la noix de coco et sauce \u00e0 la mangue.<br\/><\/p>\n\n<p class=\"has-text-align-center\"><em>1 boisson \/ boisson non alcoolis\u00e9e \/ bi\u00e8re \/ ou verre de vin \/<br\/>Pain et eau inclus<\/em><\/p>\n","protected":false},"excerpt":{"rendered":"<p>MENU SELVATIQUE 55\u20ac (Cocktail) Il comprend 2 boissons par personne 2h de parking gratuit Plats : Cr\u00e8me de c\u00e8pes Feuilletage invers\u00e9 au fromage frais et aux anchois du golfe de Gascogne Jambon ib\u00e9rique nourri \u00e0 100 % de glands Mini salade de la passion Bonbon de foie gras aux fruits rouges Brochette de yakitori \u00e0&hellip;&nbsp;<a href=\"https:\/\/selvaticotarragona.com\/fr\/menus\/\" rel=\"bookmark\">Lire la suite &raquo;<span class=\"screen-reader-text\">MENUS<\/span><\/a><\/p>\n","protected":false},"author":1,"featured_media":0,"parent":0,"menu_order":0,"comment_status":"closed","ping_status":"closed","template":"","meta":{"neve_meta_sidebar":"","neve_meta_container":"","neve_meta_enable_content_width":"","neve_meta_content_width":0,"neve_meta_title_alignment":"","neve_meta_author_avatar":"","neve_post_elements_order":"","neve_meta_disable_header":"","neve_meta_disable_footer":"","neve_meta_disable_title":"","footnotes":""},"class_list":["post-13500","page","type-page","status-publish","hentry"],"_links":{"self":[{"href":"https:\/\/selvaticotarragona.com\/fr\/wp-json\/wp\/v2\/pages\/13500","targetHints":{"allow":["GET"]}}],"collection":[{"href":"https:\/\/selvaticotarragona.com\/fr\/wp-json\/wp\/v2\/pages"}],"about":[{"href":"https:\/\/selvaticotarragona.com\/fr\/wp-json\/wp\/v2\/types\/page"}],"author":[{"embeddable":true,"href":"https:\/\/selvaticotarragona.com\/fr\/wp-json\/wp\/v2\/users\/1"}],"replies":[{"embeddable":true,"href":"https:\/\/selvaticotarragona.com\/fr\/wp-json\/wp\/v2\/comments?post=13500"}],"version-history":[{"count":1,"href":"https:\/\/selvaticotarragona.com\/fr\/wp-json\/wp\/v2\/pages\/13500\/revisions"}],"predecessor-version":[{"id":13501,"href":"https:\/\/selvaticotarragona.com\/fr\/wp-json\/wp\/v2\/pages\/13500\/revisions\/13501"}],"wp:attachment":[{"href":"https:\/\/selvaticotarragona.com\/fr\/wp-json\/wp\/v2\/media?parent=13500"}],"curies":[{"name":"wp","href":"https:\/\/api.w.org\/{rel}","templated":true}]}}