{"id":403,"date":"2023-07-27T13:10:37","date_gmt":"2023-07-27T11:10:37","guid":{"rendered":"https:\/\/amazonicogroup.com\/contact\/"},"modified":"2024-02-03T06:56:36","modified_gmt":"2024-02-03T05:56:36","slug":"contact","status":"publish","type":"page","link":"https:\/\/selvaticotarragona.com\/en\/contact\/","title":{"rendered":"Contacto"},"content":{"rendered":"\n<div class=\"wp-block-cover alignfull\" style=\"min-height:600px;aspect-ratio:unset;\"><span aria-hidden=\"true\" class=\"wp-block-cover__background has-nv-site-bg-background-color has-background-dim-100 has-background-dim\"><\/span><div class=\"wp-block-cover__inner-container is-layout-flow wp-block-cover-is-layout-flow\">\n<div class=\"wp-block-group\"><div class=\"wp-block-group__inner-container is-layout-flow wp-block-group-is-layout-flow\">\n<div style=\"height:80px\" aria-hidden=\"true\" class=\"wp-block-spacer\"><\/div>\n\n\n\n<div class=\"wp-block-columns alignfull has-neve-link-color-background-color has-background has-small-font-size is-layout-flex wp-container-core-columns-is-layout-9d6595d7 wp-block-columns-is-layout-flex\">\n<div class=\"wp-block-column is-vertically-aligned-center is-layout-flow wp-block-column-is-layout-flow\" style=\"flex-basis:50%\">\n<h2 class=\"wp-block-heading has-text-align-center has-nv-text-dark-bg-color has-text-color has-large-font-size\" style=\"text-transform:uppercase\">Reserve su mesa en  Selv\u00e1tico wellness Food &amp; cocktails<\/h2>\n\n\n\n<p class=\"has-text-align-center has-small-font-size\">&#8220;\u00a1Esperamos ansiosos tu visita a  Selv\u00e1tico wellness Food &amp; cocktails! Para garantizar una experiencia excepcional, te ofrecemos la posibilidad de reservar tu mesa con antelaci\u00f3n. Ya sea para una cena rom\u00e1ntica, una celebraci\u00f3n especial o una comida entre amigos, nuestro equipo estar\u00e1 encantado de asegurarte un lugar en nuestro exclusivo restaurante. Reserva ahora y d\u00e9jate llevar por los sabores de la selva amaz\u00f3nica en el coraz\u00f3n de Tarragona.&#8221;<\/p>\n\n\n\n<div class=\"wp-block-buttons is-content-justification-center is-layout-flex wp-container-core-buttons-is-layout-16018d1d wp-block-buttons-is-layout-flex\">\n<div class=\"wp-block-button\"><a class=\"wp-block-button__link wp-element-button\" href=\"\/?page_id=614\">RESERVAR<\/a><\/div>\n\n\n\n<div class=\"wp-block-button\"><a class=\"wp-block-button__link wp-element-button\" href=\"https:\/\/amazonicogroup.com\/la-carta\/\">VER CARTA<\/a><\/div>\n<\/div>\n<\/div>\n\n\n\n<div class=\"wp-block-column is-vertically-aligned-center is-layout-flow wp-block-column-is-layout-flow\" style=\"flex-basis:50%\">\n<iframe data-src=\"https:\/\/www.google.com\/maps\/embed?pb=!1m14!1m8!1m3!1d12024.627198669708!2d1.2532788!3d41.1092665!3m2!1i1024!2i768!4f13.1!3m3!1m2!1s0x12a3e33d9edfc2a5%3A0xd0e7e1e1193599cd!2sAmaz%C3%B3nico!5e0!3m2!1ses!2ses!4v1691749096556!5m2!1ses!2ses\" width=\"100%\" height=\"450\" style=\"border:0;\" allowfullscreen=\"\" referrerpolicy=\"no-referrer-when-downgrade\" src=\"data:image\/svg+xml;base64,PHN2ZyB3aWR0aD0iMSIgaGVpZ2h0PSIxIiB4bWxucz0iaHR0cDovL3d3dy53My5vcmcvMjAwMC9zdmciPjwvc3ZnPg==\" class=\"lazyload\" data-load-mode=\"1\"><\/iframe>\n<\/div>\n<\/div>\n\n\n\n<div class=\"wp-block-media-text is-stacked-on-mobile\"><figure class=\"wp-block-media-text__media\"><img decoding=\"async\" width=\"1024\" height=\"1024\" data-src=\"https:\/\/amazonicogroup.com\/wp-content\/uploads\/2023\/08\/WhatsApp-Image-2023-08-04-at-14.53.11-1024x1024.jpeg\" alt=\"\" class=\"wp-image-119 size-full lazyload\" data-srcset=\"https:\/\/selvaticotarragona.com\/wp-content\/uploads\/2023\/08\/WhatsApp-Image-2023-08-04-at-14.53.11-1024x1024.jpeg 1024w, https:\/\/selvaticotarragona.com\/wp-content\/uploads\/2023\/08\/WhatsApp-Image-2023-08-04-at-14.53.11-300x300.jpeg 300w, https:\/\/selvaticotarragona.com\/wp-content\/uploads\/2023\/08\/WhatsApp-Image-2023-08-04-at-14.53.11-100x100.jpeg 100w, https:\/\/selvaticotarragona.com\/wp-content\/uploads\/2023\/08\/WhatsApp-Image-2023-08-04-at-14.53.11-600x600.jpeg 600w, https:\/\/selvaticotarragona.com\/wp-content\/uploads\/2023\/08\/WhatsApp-Image-2023-08-04-at-14.53.11-150x150.jpeg 150w, https:\/\/selvaticotarragona.com\/wp-content\/uploads\/2023\/08\/WhatsApp-Image-2023-08-04-at-14.53.11-768x768.jpeg 768w, https:\/\/selvaticotarragona.com\/wp-content\/uploads\/2023\/08\/WhatsApp-Image-2023-08-04-at-14.53.11-1536x1536.jpeg 1536w, https:\/\/selvaticotarragona.com\/wp-content\/uploads\/2023\/08\/WhatsApp-Image-2023-08-04-at-14.53.11.jpeg 2048w\" data-sizes=\"(max-width: 1024px) 100vw, 1024px\" src=\"data:image\/svg+xml;base64,PHN2ZyB3aWR0aD0iMSIgaGVpZ2h0PSIxIiB4bWxucz0iaHR0cDovL3d3dy53My5vcmcvMjAwMC9zdmciPjwvc3ZnPg==\" style=\"--smush-placeholder-width: 1024px; --smush-placeholder-aspect-ratio: 1024\/1024;\" \/><\/figure><div class=\"wp-block-media-text__content\">\n<p>HORARIO:<\/p>\n\n\n\n<figure class=\"wp-block-table is-style-stripes\"><table class=\"has-neve-link-color-background-color has-background\"><tbody><tr><td>LUNES<\/td><td>Cerrado<\/td><\/tr><tr><td>MARTES<\/td><td>Cerrado<\/td><\/tr><tr><td>MI\u00c9RCOLES<\/td><td>13:00\u20131:00<\/td><\/tr><tr><td>JUEVES<\/td><td>13:00\u20131:00<\/td><\/tr><tr><td>VIERNES<\/td><td>13:00\u20132:30<\/td><\/tr><tr><td>S\u00c1BADO<\/td><td>13:00\u20132:30<\/td><\/tr><tr><td>DOMINGO<\/td><td>13:00\u20131:00<\/td><\/tr><\/tbody><\/table><\/figure>\n<\/div><\/div>\n\n\n\n<div style=\"height:40px\" aria-hidden=\"true\" class=\"wp-block-spacer\"><\/div>\n<\/div><\/div>\n<\/div><\/div>\n","protected":false},"excerpt":{"rendered":"","protected":false},"author":1,"featured_media":0,"parent":0,"menu_order":0,"comment_status":"closed","ping_status":"closed","template":"","meta":{"neve_meta_sidebar":"","neve_meta_container":"","neve_meta_enable_content_width":"on","neve_meta_content_width":100,"neve_meta_title_alignment":"","neve_meta_author_avatar":"","neve_post_elements_order":"","neve_meta_disable_header":"","neve_meta_disable_footer":"","neve_meta_disable_title":"on","footnotes":""},"class_list":["post-403","page","type-page","status-publish","hentry"],"_links":{"self":[{"href":"https:\/\/selvaticotarragona.com\/en\/wp-json\/wp\/v2\/pages\/403","targetHints":{"allow":["GET"]}}],"collection":[{"href":"https:\/\/selvaticotarragona.com\/en\/wp-json\/wp\/v2\/pages"}],"about":[{"href":"https:\/\/selvaticotarragona.com\/en\/wp-json\/wp\/v2\/types\/page"}],"author":[{"embeddable":true,"href":"https:\/\/selvaticotarragona.com\/en\/wp-json\/wp\/v2\/users\/1"}],"replies":[{"embeddable":true,"href":"https:\/\/selvaticotarragona.com\/en\/wp-json\/wp\/v2\/comments?post=403"}],"version-history":[{"count":2,"href":"https:\/\/selvaticotarragona.com\/en\/wp-json\/wp\/v2\/pages\/403\/revisions"}],"predecessor-version":[{"id":790,"href":"https:\/\/selvaticotarragona.com\/en\/wp-json\/wp\/v2\/pages\/403\/revisions\/790"}],"wp:attachment":[{"href":"https:\/\/selvaticotarragona.com\/en\/wp-json\/wp\/v2\/media?parent=403"}],"curies":[{"name":"wp","href":"https:\/\/api.w.org\/{rel}","templated":true}]}}