{"id":327,"date":"2023-08-10T08:56:06","date_gmt":"2023-08-10T06:56:06","guid":{"rendered":"https:\/\/amazonicogroup.com\/cocktails\/"},"modified":"2024-05-11T08:14:23","modified_gmt":"2024-05-11T06:14:23","slug":"cocktails","status":"publish","type":"page","link":"https:\/\/selvaticotarragona.com\/ca\/cocktails\/","title":{"rendered":"Cocktails"},"content":{"rendered":"\n<div class=\"wp-block-cover\"><span aria-hidden=\"true\" class=\"wp-block-cover__background has-neve-link-color-background-color has-background-dim-100 has-background-dim\"><\/span><div class=\"wp-block-cover__inner-container is-layout-constrained wp-block-cover-is-layout-constrained\">\n<p style=\"font-size:23px\"><em>Creativitat i Art a Cada Copa<\/em><\/p>\n\n\n\n<p>A <strong><em>Selv\u00e0tic wellness Food &amp; cocktails<\/em><\/strong> , creiem que un c\u00f2ctel \u00e9s molt m\u00e9s que una simple beguda; \u00e9s una expressi\u00f3 dart i una experi\u00e8ncia sensorial completa. La nostra col\u00b7lecci\u00f3 de c\u00f2ctels d&#8217;autor est\u00e0 dissenyada per sorprendre i deleitar, portant-te en un viatge exquisit a trav\u00e9s de sabors, textures i aromes inoblidables.<\/p>\n<\/div><\/div>\n\n<figure class=\"wp-block-gallery has-nested-images columns-default is-cropped wp-block-gallery-1 is-layout-flex wp-block-gallery-is-layout-flex\">\n<figure class=\"wp-block-image size-large\"><img decoding=\"async\" width=\"1024\" height=\"1024\" data-id=\"113\" data-src=\"https:\/\/amazonicogroup.com\/wp-content\/uploads\/2023\/08\/WhatsApp-Image-2023-08-04-at-15.38.54.jpeg\" alt=\"\" class=\"wp-image-113 lazyload\" data-srcset=\"https:\/\/selvaticotarragona.com\/wp-content\/uploads\/2023\/08\/WhatsApp-Image-2023-08-04-at-15.38.54.jpeg 1024w, https:\/\/selvaticotarragona.com\/wp-content\/uploads\/2023\/08\/WhatsApp-Image-2023-08-04-at-15.38.54-300x300.jpeg 300w, https:\/\/selvaticotarragona.com\/wp-content\/uploads\/2023\/08\/WhatsApp-Image-2023-08-04-at-15.38.54-100x100.jpeg 100w, https:\/\/selvaticotarragona.com\/wp-content\/uploads\/2023\/08\/WhatsApp-Image-2023-08-04-at-15.38.54-600x600.jpeg 600w, https:\/\/selvaticotarragona.com\/wp-content\/uploads\/2023\/08\/WhatsApp-Image-2023-08-04-at-15.38.54-150x150.jpeg 150w, https:\/\/selvaticotarragona.com\/wp-content\/uploads\/2023\/08\/WhatsApp-Image-2023-08-04-at-15.38.54-768x768.jpeg 768w\" data-sizes=\"(max-width: 1024px) 100vw, 1024px\" src=\"data:image\/svg+xml;base64,PHN2ZyB3aWR0aD0iMSIgaGVpZ2h0PSIxIiB4bWxucz0iaHR0cDovL3d3dy53My5vcmcvMjAwMC9zdmciPjwvc3ZnPg==\" style=\"--smush-placeholder-width: 1024px; --smush-placeholder-aspect-ratio: 1024\/1024;\" \/><\/figure>\n\n\n<figure class=\"wp-block-image size-large\"><img decoding=\"async\" width=\"1024\" height=\"1024\" data-id=\"112\" data-src=\"https:\/\/amazonicogroup.com\/wp-content\/uploads\/2023\/08\/WhatsApp-Image-2023-08-04-at-15.40.05.jpeg\" alt=\"\" class=\"wp-image-112 lazyload\" data-srcset=\"https:\/\/selvaticotarragona.com\/wp-content\/uploads\/2023\/08\/WhatsApp-Image-2023-08-04-at-15.40.05.jpeg 1024w, https:\/\/selvaticotarragona.com\/wp-content\/uploads\/2023\/08\/WhatsApp-Image-2023-08-04-at-15.40.05-300x300.jpeg 300w, https:\/\/selvaticotarragona.com\/wp-content\/uploads\/2023\/08\/WhatsApp-Image-2023-08-04-at-15.40.05-100x100.jpeg 100w, https:\/\/selvaticotarragona.com\/wp-content\/uploads\/2023\/08\/WhatsApp-Image-2023-08-04-at-15.40.05-600x600.jpeg 600w, https:\/\/selvaticotarragona.com\/wp-content\/uploads\/2023\/08\/WhatsApp-Image-2023-08-04-at-15.40.05-150x150.jpeg 150w, https:\/\/selvaticotarragona.com\/wp-content\/uploads\/2023\/08\/WhatsApp-Image-2023-08-04-at-15.40.05-768x768.jpeg 768w\" data-sizes=\"(max-width: 1024px) 100vw, 1024px\" src=\"data:image\/svg+xml;base64,PHN2ZyB3aWR0aD0iMSIgaGVpZ2h0PSIxIiB4bWxucz0iaHR0cDovL3d3dy53My5vcmcvMjAwMC9zdmciPjwvc3ZnPg==\" style=\"--smush-placeholder-width: 1024px; --smush-placeholder-aspect-ratio: 1024\/1024;\" \/><\/figure>\n\n\n<figure class=\"wp-block-image size-large\"><img decoding=\"async\" width=\"1024\" height=\"1024\" data-id=\"110\" data-src=\"https:\/\/amazonicogroup.com\/wp-content\/uploads\/2023\/08\/WhatsApp-Image-2023-08-04-at-16.39.26.jpeg\" alt=\"\" class=\"wp-image-110 lazyload\" data-srcset=\"https:\/\/selvaticotarragona.com\/wp-content\/uploads\/2023\/08\/WhatsApp-Image-2023-08-04-at-16.39.26.jpeg 1024w, https:\/\/selvaticotarragona.com\/wp-content\/uploads\/2023\/08\/WhatsApp-Image-2023-08-04-at-16.39.26-300x300.jpeg 300w, https:\/\/selvaticotarragona.com\/wp-content\/uploads\/2023\/08\/WhatsApp-Image-2023-08-04-at-16.39.26-100x100.jpeg 100w, https:\/\/selvaticotarragona.com\/wp-content\/uploads\/2023\/08\/WhatsApp-Image-2023-08-04-at-16.39.26-600x600.jpeg 600w, https:\/\/selvaticotarragona.com\/wp-content\/uploads\/2023\/08\/WhatsApp-Image-2023-08-04-at-16.39.26-150x150.jpeg 150w, https:\/\/selvaticotarragona.com\/wp-content\/uploads\/2023\/08\/WhatsApp-Image-2023-08-04-at-16.39.26-768x768.jpeg 768w\" data-sizes=\"(max-width: 1024px) 100vw, 1024px\" src=\"data:image\/svg+xml;base64,PHN2ZyB3aWR0aD0iMSIgaGVpZ2h0PSIxIiB4bWxucz0iaHR0cDovL3d3dy53My5vcmcvMjAwMC9zdmciPjwvc3ZnPg==\" style=\"--smush-placeholder-width: 1024px; --smush-placeholder-aspect-ratio: 1024\/1024;\" \/><\/figure><\/figure>\n\n<div class=\"wp-block-cover carta cocteles\"><span aria-hidden=\"true\" class=\"wp-block-cover__background has-nv-site-bg-background-color has-background-dim-100 has-background-dim\"><\/span><div class=\"wp-block-cover__inner-container is-layout-constrained wp-block-cover-is-layout-constrained\">\n<h2 class=\"wp-block-heading has-text-align-center has-neve-link-color-color has-text-color has-large-font-size\">CARTA DE COCKTAILS<\/h2>\n\n\n\n<p>Mojito <strong><em>9<\/em><\/strong><\/p>\n\n\n\n<ul class=\"wp-block-list\">\n<li class=\"has-small-font-size\">Cl\u00e0ssic<\/li>\n\n\n\n<li class=\"has-small-font-size\">Maduixa<\/li>\n\n\n\n<li class=\"has-small-font-size\">Sandia<\/li>\n\n\n\n<li class=\"has-small-font-size\">Coco<\/li>\n\n\n\n<li class=\"has-small-font-size\">Fruita de la passi\u00f3<\/li>\n\n\n\n<li class=\"has-small-font-size\">Pl\u00e0tan<\/li>\n<\/ul>\n\n\n\n<p>Daiquiri <strong><em>9<\/em><\/strong><\/p>\n\n\n\n<ul class=\"wp-block-list\">\n<li class=\"has-small-font-size\">Cl\u00e0ssic<\/li>\n\n\n\n<li class=\"has-small-font-size\">Maduixa<\/li>\n\n\n\n<li class=\"has-small-font-size\">Sandia<\/li>\n\n\n\n<li class=\"has-small-font-size\">Coco<\/li>\n\n\n\n<li class=\"has-small-font-size\">Fruita de la passi\u00f3<\/li>\n\n\n\n<li class=\"has-small-font-size\">Pl\u00e0tan<\/li>\n<\/ul>\n\n\n\n<p>Daiquiri Frozen <strong><em>9<\/em><\/strong><\/p>\n\n\n\n<ul class=\"wp-block-list\">\n<li class=\"has-small-font-size\">Cl\u00e0ssic<\/li>\n\n\n\n<li class=\"has-small-font-size\">Maduixa<\/li>\n\n\n\n<li class=\"has-small-font-size\">Sandia<\/li>\n\n\n\n<li class=\"has-small-font-size\">Coco<\/li>\n\n\n\n<li class=\"has-small-font-size\">Fruita de la passi\u00f3<\/li>\n\n\n\n<li class=\"has-small-font-size\">Pl\u00e0tan<\/li>\n<\/ul>\n\n\n\n<p>Caipirinnha <strong><em>9<\/em><\/strong><\/p>\n\n\n\n<ul class=\"wp-block-list\">\n<li class=\"has-small-font-size\">Cl\u00e0ssic<\/li>\n\n\n\n<li class=\"has-small-font-size\">Maduixa<\/li>\n\n\n\n<li class=\"has-small-font-size\">Sandia<\/li>\n\n\n\n<li class=\"has-small-font-size\">Coco<\/li>\n\n\n\n<li class=\"has-small-font-size\">Fruita de la passi\u00f3<\/li>\n\n\n\n<li class=\"has-small-font-size\">Pl\u00e0tan<\/li>\n<\/ul>\n\n\n\n<p>Sex on the jungle <strong><em>10<\/em><\/strong> <\/p>\n\n\n\n<p>Pinya bugada <strong><em>10<\/em><\/strong> <\/p>\n\n\n\n<p>Mai tai <strong><em>9<\/em><\/strong> <\/p>\n\n\n\n<p>Moscow Mule <strong><em>9<\/em><\/strong><\/p>\n\n\n\n<p>Dark &#8216;n Stormy <strong><em>9<\/em><\/strong><\/p>\n\n\n\n<p>Tommy&#8217;s Margarita <strong><em>9<\/em><\/strong><\/p>\n\n\n\n<p>Negroni Bananer <strong><em>9<\/em><\/strong><\/p>\n\n\n\n<p>Bramble <strong><em>9<\/em><\/strong><\/p>\n\n\n\n<p>Amaz\u00f2nic <strong><em>10<\/em><\/strong><\/p>\n\n\n\n<h2 class=\"wp-block-heading has-text-align-center has-neve-link-color-color has-text-color has-large-font-size\"><strong>SENSE ALCOHOL<\/strong><\/h2>\n\n\n\n<p>Virgin Mojito <strong><em>8&#8217;5<\/em><\/strong><\/p>\n\n\n\n<ul class=\"wp-block-list\">\n<li class=\"has-small-font-size\">Cl\u00e0ssic<\/li>\n\n\n\n<li class=\"has-small-font-size\">Maduixa<\/li>\n\n\n\n<li class=\"has-small-font-size\">Sandia<\/li>\n\n\n\n<li class=\"has-small-font-size\">Coco<\/li>\n\n\n\n<li class=\"has-small-font-size\">Fruita de la passi\u00f3<\/li>\n\n\n\n<li class=\"has-small-font-size\">Pl\u00e0tan<\/li>\n<\/ul>\n\n\n\n<p>Virgin Daiquiri <strong><em>8&#8217;5<\/em><\/strong><\/p>\n\n\n\n<ul class=\"wp-block-list\">\n<li class=\"has-small-font-size\">Cl\u00e0ssic<\/li>\n\n\n\n<li class=\"has-small-font-size\">Maduixa<\/li>\n\n\n\n<li class=\"has-small-font-size\">Sandia<\/li>\n\n\n\n<li class=\"has-small-font-size\">Coco<\/li>\n\n\n\n<li class=\"has-small-font-size\">Fruita de la passi\u00f3<\/li>\n\n\n\n<li class=\"has-small-font-size\">Pl\u00e0tan<\/li>\n<\/ul>\n\n\n\n<p>Sant Tor\u00ed <strong><em>8&#8217;5<\/em><\/strong><\/p>\n\n\n\n<p>Sant Francesc <strong><em>8&#8217;5<\/em><\/strong><\/p>\n\n\n\n<p>Virgin Mai Thai <strong><em>8&#8217;5<\/em><\/strong><\/p>\n<\/div><\/div>\n\n<figure class=\"wp-block-gallery has-nested-images columns-default is-cropped wp-block-gallery-2 is-layout-flex wp-block-gallery-is-layout-flex\">\n<figure class=\"wp-block-image size-large\"><img decoding=\"async\" width=\"1024\" height=\"1024\" data-id=\"108\" data-src=\"https:\/\/amazonicogroup.com\/wp-content\/uploads\/2023\/08\/WhatsApp-Image-2023-08-04-at-16.43.12.jpeg\" alt=\"\" class=\"wp-image-108 lazyload\" data-srcset=\"https:\/\/selvaticotarragona.com\/wp-content\/uploads\/2023\/08\/WhatsApp-Image-2023-08-04-at-16.43.12.jpeg 1024w, https:\/\/selvaticotarragona.com\/wp-content\/uploads\/2023\/08\/WhatsApp-Image-2023-08-04-at-16.43.12-300x300.jpeg 300w, https:\/\/selvaticotarragona.com\/wp-content\/uploads\/2023\/08\/WhatsApp-Image-2023-08-04-at-16.43.12-100x100.jpeg 100w, https:\/\/selvaticotarragona.com\/wp-content\/uploads\/2023\/08\/WhatsApp-Image-2023-08-04-at-16.43.12-600x600.jpeg 600w, https:\/\/selvaticotarragona.com\/wp-content\/uploads\/2023\/08\/WhatsApp-Image-2023-08-04-at-16.43.12-150x150.jpeg 150w, https:\/\/selvaticotarragona.com\/wp-content\/uploads\/2023\/08\/WhatsApp-Image-2023-08-04-at-16.43.12-768x768.jpeg 768w\" data-sizes=\"(max-width: 1024px) 100vw, 1024px\" src=\"data:image\/svg+xml;base64,PHN2ZyB3aWR0aD0iMSIgaGVpZ2h0PSIxIiB4bWxucz0iaHR0cDovL3d3dy53My5vcmcvMjAwMC9zdmciPjwvc3ZnPg==\" style=\"--smush-placeholder-width: 1024px; --smush-placeholder-aspect-ratio: 1024\/1024;\" \/><\/figure>\n\n\n<figure class=\"wp-block-image size-large\"><img decoding=\"async\" width=\"1023\" height=\"1022\" data-id=\"109\" data-src=\"https:\/\/amazonicogroup.com\/wp-content\/uploads\/2023\/08\/WhatsApp-Image-2023-08-04-at-16.41.13.jpeg\" alt=\"\" class=\"wp-image-109 lazyload\" data-srcset=\"https:\/\/selvaticotarragona.com\/wp-content\/uploads\/2023\/08\/WhatsApp-Image-2023-08-04-at-16.41.13.jpeg 1023w, https:\/\/selvaticotarragona.com\/wp-content\/uploads\/2023\/08\/WhatsApp-Image-2023-08-04-at-16.41.13-300x300.jpeg 300w, https:\/\/selvaticotarragona.com\/wp-content\/uploads\/2023\/08\/WhatsApp-Image-2023-08-04-at-16.41.13-100x100.jpeg 100w, https:\/\/selvaticotarragona.com\/wp-content\/uploads\/2023\/08\/WhatsApp-Image-2023-08-04-at-16.41.13-600x599.jpeg 600w, https:\/\/selvaticotarragona.com\/wp-content\/uploads\/2023\/08\/WhatsApp-Image-2023-08-04-at-16.41.13-150x150.jpeg 150w, https:\/\/selvaticotarragona.com\/wp-content\/uploads\/2023\/08\/WhatsApp-Image-2023-08-04-at-16.41.13-768x767.jpeg 768w\" data-sizes=\"(max-width: 1023px) 100vw, 1023px\" src=\"data:image\/svg+xml;base64,PHN2ZyB3aWR0aD0iMSIgaGVpZ2h0PSIxIiB4bWxucz0iaHR0cDovL3d3dy53My5vcmcvMjAwMC9zdmciPjwvc3ZnPg==\" style=\"--smush-placeholder-width: 1023px; --smush-placeholder-aspect-ratio: 1023\/1022;\" \/><\/figure>\n\n\n<figure class=\"wp-block-image size-large\"><img decoding=\"async\" width=\"1024\" height=\"1024\" data-id=\"111\" data-src=\"https:\/\/amazonicogroup.com\/wp-content\/uploads\/2023\/08\/WhatsApp-Image-2023-08-04-at-16.39.15.jpeg\" alt=\"\" class=\"wp-image-111 lazyload\" data-srcset=\"https:\/\/selvaticotarragona.com\/wp-content\/uploads\/2023\/08\/WhatsApp-Image-2023-08-04-at-16.39.15.jpeg 1024w, https:\/\/selvaticotarragona.com\/wp-content\/uploads\/2023\/08\/WhatsApp-Image-2023-08-04-at-16.39.15-300x300.jpeg 300w, https:\/\/selvaticotarragona.com\/wp-content\/uploads\/2023\/08\/WhatsApp-Image-2023-08-04-at-16.39.15-100x100.jpeg 100w, https:\/\/selvaticotarragona.com\/wp-content\/uploads\/2023\/08\/WhatsApp-Image-2023-08-04-at-16.39.15-600x600.jpeg 600w, https:\/\/selvaticotarragona.com\/wp-content\/uploads\/2023\/08\/WhatsApp-Image-2023-08-04-at-16.39.15-150x150.jpeg 150w, https:\/\/selvaticotarragona.com\/wp-content\/uploads\/2023\/08\/WhatsApp-Image-2023-08-04-at-16.39.15-768x768.jpeg 768w\" data-sizes=\"(max-width: 1024px) 100vw, 1024px\" src=\"data:image\/svg+xml;base64,PHN2ZyB3aWR0aD0iMSIgaGVpZ2h0PSIxIiB4bWxucz0iaHR0cDovL3d3dy53My5vcmcvMjAwMC9zdmciPjwvc3ZnPg==\" style=\"--smush-placeholder-width: 1024px; --smush-placeholder-aspect-ratio: 1024\/1024;\" \/><\/figure><\/figure>\n","protected":false},"excerpt":{"rendered":"","protected":false},"author":1,"featured_media":0,"parent":0,"menu_order":0,"comment_status":"closed","ping_status":"closed","template":"","meta":{"neve_meta_sidebar":"","neve_meta_container":"","neve_meta_enable_content_width":"","neve_meta_content_width":0,"neve_meta_title_alignment":"","neve_meta_author_avatar":"","neve_post_elements_order":"","neve_meta_disable_header":"","neve_meta_disable_footer":"","neve_meta_disable_title":"","footnotes":""},"class_list":["post-327","page","type-page","status-publish","hentry"],"_links":{"self":[{"href":"https:\/\/selvaticotarragona.com\/ca\/wp-json\/wp\/v2\/pages\/327","targetHints":{"allow":["GET"]}}],"collection":[{"href":"https:\/\/selvaticotarragona.com\/ca\/wp-json\/wp\/v2\/pages"}],"about":[{"href":"https:\/\/selvaticotarragona.com\/ca\/wp-json\/wp\/v2\/types\/page"}],"author":[{"embeddable":true,"href":"https:\/\/selvaticotarragona.com\/ca\/wp-json\/wp\/v2\/users\/1"}],"replies":[{"embeddable":true,"href":"https:\/\/selvaticotarragona.com\/ca\/wp-json\/wp\/v2\/comments?post=327"}],"version-history":[{"count":4,"href":"https:\/\/selvaticotarragona.com\/ca\/wp-json\/wp\/v2\/pages\/327\/revisions"}],"predecessor-version":[{"id":934,"href":"https:\/\/selvaticotarragona.com\/ca\/wp-json\/wp\/v2\/pages\/327\/revisions\/934"}],"wp:attachment":[{"href":"https:\/\/selvaticotarragona.com\/ca\/wp-json\/wp\/v2\/media?parent=327"}],"curies":[{"name":"wp","href":"https:\/\/api.w.org\/{rel}","templated":true}]}}