{"id":300,"date":"2023-08-10T08:14:43","date_gmt":"2023-08-10T06:14:43","guid":{"rendered":"https:\/\/amazonicogroup.com\/la-carta\/"},"modified":"2024-08-08T16:33:32","modified_gmt":"2024-08-08T14:33:32","slug":"la-carta","status":"publish","type":"page","link":"https:\/\/selvaticotarragona.com\/ca\/la-carta\/","title":{"rendered":"La Carta"},"content":{"rendered":"\n<div class=\"wp-block-cover carta\"><span aria-hidden=\"true\" class=\"wp-block-cover__background has-nv-site-bg-background-color has-background-dim-100 has-background-dim\"><\/span><div class=\"wp-block-cover__inner-container is-layout-constrained wp-block-cover-is-layout-constrained\">\n<h2 class=\"wp-block-heading has-text-align-center has-neve-link-color-color has-text-color has-large-font-size\">ENTRANTS<\/h2>\n\n\n\n<ul class=\"wp-block-list\">\n<li>Ostra francesa natural n\u00ba2 amb granissat i llima 5,5<\/li>\n\n\n\n<li>El millor caviar del m\u00f3n \u201cRio Frio Essence\u201d 15gr.\/40 \u2013 30gr\/75<\/li>\n\n\n\n<li>Pernil de jabugo 5J 28<\/li>\n\n\n\n<li>Matrimoni d&#8217;anxoves 00 del Cant\u00e0bric i seitons de Cambrils amb vinagre 13<\/li>\n\n\n\n<li>Patates braves a l&#8217;estil Selv\u00e0tic 11<\/li>\n\n\n\n<li>Croqueta de galta Black Angus amb ib\u00e8ric de Montaraz 3,5\/u.<\/li>\n\n\n\n<li>Pernil 100% ra\u00e7a ib\u00e8rica de gla 22<\/li>\n\n\n\n<li>Mini hamburguesa de vaca rossa gallega amb pa brioix mantequillat (2 ud.) 12<\/li>\n\n\n\n<li>Taula de formatges Francesos (Brie Meaux, Tomme de cabra, Saint Nectaire, Beaufort) 21<\/li>\n\n\n\n<li>Taula de formatges Internacionals (Taleggio, Reblochon, Gouda, Cheddar i Blau Valde\u00f3n) 21<\/li>\n\n\n\n<li>Taula de formatges sense lactosa (curat de B\u00fafala, Grana, Gruy\u00e8re, Gouda i Blau B\u00fafala) 21<\/li>\n\n\n\n<li>Carpaccio de bou d&#8217;origen madurat amb T\u00eate de Moine i vinagreta de festucs 19<\/li>\n\n\n\n<li>Steak t\u00e0rtar tradicional de vedella amb esfera d&#8217;oliva xipotle i torradetes 25<\/li>\n\n\n\n<li>T\u00e0rtar de tonyina Balfeg\u00f3 amb alvocat, llima, kimchi i s\u00e8sam torrat 22<\/li>\n\n\n\n<li>Pa Bao d&#8217;\u00e0nec confitat a baixa temperatura amb maig-m\u00e0nec i adobats (2 ud.) 12<\/li>\n\n\n\n<li>Zamburi\u00f1as a la Brasa (6 un.) 14<\/li>\n\n\n\n<li>Ravioli cruixent de cua de toro amb salsa vi negre 12<\/li>\n\n\n\n<li>Gamba vermella del Mediterrani a la sal (8 un.) 25<\/li>\n\n\n\n<li>Carxofes a la brasa confitades amb AOVE i flor de sal (4 ud.) 12<\/li>\n\n\n\n<li>Lingot de foie \u201cGold\u201d amb xip de pa, reducci\u00f3 de negre i fruits vermells 18<\/li>\n<\/ul>\n<\/div><\/div>\n\n\n\n<div class=\"wp-block-cover carta\"><span aria-hidden=\"true\" class=\"wp-block-cover__background has-nv-site-bg-background-color has-background-dim-100 has-background-dim\"><\/span><div class=\"wp-block-cover__inner-container is-layout-constrained wp-block-cover-is-layout-constrained\">\n<h2 class=\"wp-block-heading has-text-align-center has-neve-link-color-color has-text-color has-large-font-size\">ARROSSOS <\/h2>\n\n\n\n<p class=\"has-text-align-center has-small-font-size\">(MIN. 2 PERSONES) Preu per persona<\/p>\n\n\n\n<ul class=\"wp-block-list\">\n<li>Arr\u00f2s de mitjana madurat en tataki a l&#8217;estil Selv\u00e0tic 28<\/li>\n\n\n\n<li>Arr\u00f2s de pl\u00e0ncton amb s\u00edpia i zamburrinyes 27<\/li>\n\n\n\n<li>Arr\u00f2s de pop i romesco 25<\/li>\n\n\n\n<li>Arr\u00f2s de gamba vermella 24<\/li>\n\n\n\n<li>Arr\u00f2s de ploma ib\u00e8rica Montaraz amb gotes de maionesa d&#8217;ou ferrat 26<\/li>\n\n\n\n<li>Arr\u00f2s negre amb puntetes en tempura i kimchi 23<\/li>\n\n\n\n<li>Fideu\u00e0 amb gamba vermella, s\u00edpia i allioli 22<\/li>\n\n\n\n<li>Arr\u00f2s veg\u00e0 &#8211; encarregar-se amb 24h d&#8217;antelaci\u00f3 19<\/li>\n<\/ul>\n<\/div><\/div>\n\n\n\n<div class=\"wp-block-cover carta\"><span aria-hidden=\"true\" class=\"wp-block-cover__background has-nv-site-bg-background-color has-background-dim-100 has-background-dim\"><\/span><div class=\"wp-block-cover__inner-container is-layout-constrained wp-block-cover-is-layout-constrained\">\n<h2 class=\"wp-block-heading has-text-align-center has-neve-link-color-color has-text-color has-large-font-size\">TERRA I MAR<\/h2>\n\n\n\n<ul class=\"wp-block-list\">\n<li>Pota de pop a la brasa amb parmentier de patata fumada i cruixent d&#8217;oliva negra 25<\/li>\n\n\n\n<li>Tataki de tonyina vermella de la Mediterr\u00e0nia 22<\/li>\n\n\n\n<li>Entrecot de mar (parpatana de tonyina Balfeg\u00f3) a la brasa amb bbq de calamar 33<\/li>\n\n\n\n<li>Chulet\u00f3 de vaca rossa Gallega madurada 40 dies a la brasa amb pedra Teppanyaki 66\/kg<\/li>\n\n\n\n<li>Wagyu Kobe A5 a la pedra japonesa (150 gr.) 65<\/li>\n\n\n\n<li>Filet de vaca a la brasa amb foie, porto i fruits vermells (200 gr.) 28<\/li>\n\n\n\n<li>Tomahawk a la brasa (1,2 kg.) 65<\/li>\n\n\n\n<li>Lubina salvatge al forn amb patates i verdures (2 persones) 60<\/li>\n\n\n\n<li>Tataki de mitjana de vaca madurada 30 dies a la brasa (500 gr.) 27<\/li>\n<\/ul>\n<\/div><\/div>\n\n\n\n<div class=\"wp-block-cover carta\"><span aria-hidden=\"true\" class=\"wp-block-cover__background has-nv-site-bg-background-color has-background-dim-100 has-background-dim\"><\/span><div class=\"wp-block-cover__inner-container is-layout-constrained wp-block-cover-is-layout-constrained\">\n<h2 class=\"wp-block-heading has-text-align-center has-neve-link-color-color has-text-color has-large-font-size\">GUARNICIONS<\/h2>\n\n\n\n<ul class=\"wp-block-list\">\n<li>Patates fregides naturals 4<\/li>\n\n\n\n<li>Escalivada a la brasa 4<\/li>\n\n\n\n<li>Papa Arruga amb madres a la brasa 4<\/li>\n\n\n\n<li>Wok de verduretes amb teriyaki 4<\/li>\n\n\n\n<li>Panotxa de blat de moro amb mantega fumada a la brasa 4<\/li>\n<\/ul>\n<\/div><\/div>\n\n\n\n<div class=\"wp-block-cover carta\"><span aria-hidden=\"true\" class=\"wp-block-cover__background has-nv-site-bg-background-color has-background-dim-100 has-background-dim\"><\/span><div class=\"wp-block-cover__inner-container is-layout-constrained wp-block-cover-is-layout-constrained\">\n<h2 class=\"wp-block-heading has-text-align-center has-neve-link-color-color has-text-color has-large-font-size\">SALSES<\/h2>\n\n\n\n<ul class=\"wp-block-list\">\n<li>Chimichurri argent\u00ed 3<\/li>\n\n\n\n<li>Mantega fumada 3<\/li>\n\n\n\n<li>Pebre verd 3<\/li>\n\n\n\n<li>Romesco 3<\/li>\n\n\n\n<li>Emulsi\u00f3 d&#8217;all amb oli (Alioli) 3<\/li>\n<\/ul>\n<\/div><\/div>\n\n\n\n<div class=\"wp-block-cover carta\"><span aria-hidden=\"true\" class=\"wp-block-cover__background has-nv-site-bg-background-color has-background-dim-100 has-background-dim\"><\/span><div class=\"wp-block-cover__inner-container is-layout-constrained wp-block-cover-is-layout-constrained\">\n<h2 class=\"wp-block-heading has-text-align-center has-neve-link-color-color has-text-color has-large-font-size\">PER ALS M\u00c9S PETITS<\/h2>\n\n\n\n<ul class=\"wp-block-list\">\n<li>Filets de pollastre a la brasa amb patates fregides naturals 10<\/li>\n\n\n\n<li>Tornada de vedella a la brasa amb patates fregides naturals 24<\/li>\n<\/ul>\n<\/div><\/div>\n\n\n\n<div class=\"wp-block-cover carta\"><span aria-hidden=\"true\" class=\"wp-block-cover__background has-nv-site-bg-background-color has-background-dim-100 has-background-dim\"><\/span><div class=\"wp-block-cover__inner-container is-layout-constrained wp-block-cover-is-layout-constrained\">\n<h2 class=\"wp-block-heading has-text-align-center has-neve-link-color-color has-text-color has-large-font-size\">POSTRES<\/h2>\n\n\n\n<ul class=\"wp-block-list\">\n<li>Pinya selv\u00e0tica a la brasa amb esfera de coco i mango 8<\/li>\n\n\n\n<li>Ou de xocolata blanca farcit de maracuj\u00e0 i crema de vainilla de Madagascar 12<\/li>\n\n\n\n<li>H\u00f2stia cruixent amb fondue de xocolata i crem\u00f3s de gelat vainilla de Madagascar 14<\/li>\n\n\n\n<li>Del\u00edcia de xocolata amb esfera daurada 10<\/li>\n\n\n\n<li>T\u00f2fona casolanes de xoco blanc-coco &amp; de xocolata al Baileys 8<\/li>\n\n\n\n<li>M\u00fasic de fruits secs 8<\/li>\n\n\n\n<li>Tiramis\u00fa al mascarpone 8,5<\/li>\n\n\n\n<li>Bomb\u00f3 negre i caviar de yuzu 8,5<\/li>\n\n\n\n<li>Past\u00eds de formatge 8,5<\/li>\n\n\n\n<li>Taula de formatges a escollir entre: Francesos \/ Internacionals \/ Sense lactosa 21<\/li>\n<\/ul>\n<\/div><\/div>\n\n\n\n<div class=\"wp-block-cover carta\"><span aria-hidden=\"true\" class=\"wp-block-cover__background has-nv-site-bg-background-color has-background-dim-100 has-background-dim\"><\/span><div class=\"wp-block-cover__inner-container is-layout-constrained wp-block-cover-is-layout-constrained\">\n<h2 class=\"wp-block-heading has-text-align-center has-neve-link-color-color has-text-color has-large-font-size\">PANS<\/h2>\n\n\n\n<ul class=\"wp-block-list\">\n<li>Pa de vidre de massa mare amb emulsi\u00f3 de tom\u00e0quet i AOVE 4<\/li>\n\n\n\n<li>Coca d&#8217;oli amb flor de sal marina 4<\/li>\n\n\n\n<li>Pa sense gluten premium 4<\/li>\n<\/ul>\n<\/div><\/div>\n","protected":false},"excerpt":{"rendered":"","protected":false},"author":1,"featured_media":0,"parent":0,"menu_order":0,"comment_status":"closed","ping_status":"closed","template":"","meta":{"neve_meta_sidebar":"","neve_meta_container":"","neve_meta_enable_content_width":"","neve_meta_content_width":0,"neve_meta_title_alignment":"","neve_meta_author_avatar":"","neve_post_elements_order":"","neve_meta_disable_header":"","neve_meta_disable_footer":"","neve_meta_disable_title":"","footnotes":""},"class_list":["post-300","page","type-page","status-publish","hentry"],"_links":{"self":[{"href":"https:\/\/selvaticotarragona.com\/ca\/wp-json\/wp\/v2\/pages\/300","targetHints":{"allow":["GET"]}}],"collection":[{"href":"https:\/\/selvaticotarragona.com\/ca\/wp-json\/wp\/v2\/pages"}],"about":[{"href":"https:\/\/selvaticotarragona.com\/ca\/wp-json\/wp\/v2\/types\/page"}],"author":[{"embeddable":true,"href":"https:\/\/selvaticotarragona.com\/ca\/wp-json\/wp\/v2\/users\/1"}],"replies":[{"embeddable":true,"href":"https:\/\/selvaticotarragona.com\/ca\/wp-json\/wp\/v2\/comments?post=300"}],"version-history":[{"count":6,"href":"https:\/\/selvaticotarragona.com\/ca\/wp-json\/wp\/v2\/pages\/300\/revisions"}],"predecessor-version":[{"id":10371,"href":"https:\/\/selvaticotarragona.com\/ca\/wp-json\/wp\/v2\/pages\/300\/revisions\/10371"}],"wp:attachment":[{"href":"https:\/\/selvaticotarragona.com\/ca\/wp-json\/wp\/v2\/media?parent=300"}],"curies":[{"name":"wp","href":"https:\/\/api.w.org\/{rel}","templated":true}]}}